{"id":69,"date":"2023-10-11T12:08:25","date_gmt":"2023-10-11T10:08:25","guid":{"rendered":"https:\/\/kodesmots.fr\/blog\/?page_id=69"},"modified":"2026-03-30T11:38:05","modified_gmt":"2026-03-30T09:38:05","slug":"lequipe","status":"publish","type":"page","link":"https:\/\/kodesmots.fr\/blog\/lequipe\/","title":{"rendered":"L&rsquo;\u00e9quipe &#038; \u00c9dito"},"content":{"rendered":"<p><span style=\"font-weight: 400;\">Kodesmots est votre espace de d\u00e9couverte linguistique \u2014 \u00e9tymologie des mots fran\u00e7ais, punchlines c\u00e9l\u00e8bres, rh\u00e9torique et techniques de communication, enrichissement du vocabulaire, discours historiques marquants et figures politiques inoubliables. Pour tous ceux qui croient que les mots changent le monde et veulent les ma\u00eetriser. <\/span><span style=\"font-weight: 400;\">Notre \u00e9quipe rassemble des linguistes, des historiens, des professeurs de fran\u00e7ais et des passionn\u00e9s d&rsquo;\u00e9loquence qui partagent leur amour des mots sous toutes leurs formes.<\/span><\/p>\n","protected":false},"excerpt":{"rendered":"","protected":false},"author":34,"featured_media":0,"parent":0,"menu_order":0,"comment_status":"closed","ping_status":"closed","template":"","meta":{"_acf_changed":false,"manual_indexmenow":false,"indexmenow_id_project":0,"footnotes":""},"class_list":["post-69","page","type-page","status-publish"],"acf":[],"yoast_head":"<!-- This site is optimized with the Yoast SEO Premium plugin v21.3 (Yoast SEO v25.6) - https:\/\/yoast.com\/wordpress\/plugins\/seo\/ -->\n<title>L&#039;\u00e9quipe &amp; \u00c9dito<\/title>\n<meta name=\"description\" content=\"Kodesmots est votre espace de d\u00e9couverte linguistique \u2014 \u00e9tymologie des mots fran\u00e7ais, punchlines c\u00e9l\u00e8bres, rh\u00e9torique et techniques de communication,\" \/>\n<meta name=\"robots\" content=\"index, follow, max-snippet:-1, max-image-preview:large, max-video-preview:-1\" \/>\n<link rel=\"canonical\" href=\"https:\/\/kodesmots.fr\/blog\/lequipe\/\" \/>\n<meta property=\"og:locale\" content=\"fr_FR\" \/>\n<meta property=\"og:type\" content=\"article\" \/>\n<meta property=\"og:title\" content=\"L&#039;\u00e9quipe &amp; \u00c9dito\" \/>\n<meta property=\"og:description\" content=\"Kodesmots est votre espace de d\u00e9couverte linguistique \u2014 \u00e9tymologie des mots fran\u00e7ais, punchlines c\u00e9l\u00e8bres, rh\u00e9torique et techniques de communication,\" \/>\n<meta property=\"og:url\" content=\"https:\/\/kodesmots.fr\/blog\/lequipe\/\" \/>\n<meta property=\"og:site_name\" content=\"kodesmots\" \/>\n<meta name=\"twitter:card\" content=\"summary_large_image\" \/>\n<script type=\"application\/ld+json\" class=\"yoast-schema-graph\">{\"@context\":\"https:\/\/schema.org\",\"@graph\":[{\"@type\":\"WebPage\",\"@id\":\"https:\/\/kodesmots.fr\/blog\/lequipe\/\",\"url\":\"https:\/\/kodesmots.fr\/blog\/lequipe\/\",\"name\":\"L'\u00e9quipe & \u00c9dito\",\"isPartOf\":{\"@id\":\"https:\/\/kodesmots.fr\/blog\/#website\"},\"datePublished\":\"2023-10-11T10:08:25+00:00\",\"dateModified\":\"2026-03-30T09:38:05+00:00\",\"description\":\"Kodesmots est votre espace de d\u00e9couverte linguistique \u2014 \u00e9tymologie des mots fran\u00e7ais, punchlines c\u00e9l\u00e8bres, rh\u00e9torique et techniques de communication,\",\"inLanguage\":\"fr-FR\",\"potentialAction\":[{\"@type\":\"ReadAction\",\"target\":[\"https:\/\/kodesmots.fr\/blog\/lequipe\/\"]}]},{\"@type\":\"WebSite\",\"@id\":\"https:\/\/kodesmots.fr\/blog\/#website\",\"url\":\"https:\/\/kodesmots.fr\/blog\/\",\"name\":\"kodesmots.fr\",\"description\":\"Kodesmots, d\u00e9codez le pouvoir des mots\",\"publisher\":{\"@id\":\"https:\/\/kodesmots.fr\/blog\/#organization\"},\"alternateName\":\"Kodesmots, d\u00e9codez le pouvoir des mots\",\"potentialAction\":[{\"@type\":\"SearchAction\",\"target\":{\"@type\":\"EntryPoint\",\"urlTemplate\":\"https:\/\/kodesmots.fr\/blog\/?s={search_term_string}\"},\"query-input\":{\"@type\":\"PropertyValueSpecification\",\"valueRequired\":true,\"valueName\":\"search_term_string\"}}],\"inLanguage\":\"fr-FR\"},{\"@type\":\"Organization\",\"@id\":\"https:\/\/kodesmots.fr\/blog\/#organization\",\"name\":\"Foretsensations.fr\",\"url\":\"https:\/\/kodesmots.fr\/blog\/\",\"logo\":{\"@type\":\"ImageObject\",\"inLanguage\":\"fr-FR\",\"@id\":\"https:\/\/kodesmots.fr\/blog\/#\/schema\/logo\/image\/\",\"url\":\"https:\/\/kodesmots.fr\/blog\/wp-content\/uploads\/2024\/12\/koDesMots.png\",\"contentUrl\":\"https:\/\/kodesmots.fr\/blog\/wp-content\/uploads\/2024\/12\/koDesMots.png\",\"width\":500,\"height\":500,\"caption\":\"Foretsensations.fr\"},\"image\":{\"@id\":\"https:\/\/kodesmots.fr\/blog\/#\/schema\/logo\/image\/\"}}]}<\/script>\n<!-- \/ Yoast SEO Premium plugin. -->","yoast_head_json":{"title":"L'\u00e9quipe & \u00c9dito","description":"Kodesmots est votre espace de d\u00e9couverte linguistique \u2014 \u00e9tymologie des mots fran\u00e7ais, punchlines c\u00e9l\u00e8bres, rh\u00e9torique et techniques de communication,","robots":{"index":"index","follow":"follow","max-snippet":"max-snippet:-1","max-image-preview":"max-image-preview:large","max-video-preview":"max-video-preview:-1"},"canonical":"https:\/\/kodesmots.fr\/blog\/lequipe\/","og_locale":"fr_FR","og_type":"article","og_title":"L'\u00e9quipe & \u00c9dito","og_description":"Kodesmots est votre espace de d\u00e9couverte linguistique \u2014 \u00e9tymologie des mots fran\u00e7ais, punchlines c\u00e9l\u00e8bres, rh\u00e9torique et techniques de communication,","og_url":"https:\/\/kodesmots.fr\/blog\/lequipe\/","og_site_name":"kodesmots","twitter_card":"summary_large_image","schema":{"@context":"https:\/\/schema.org","@graph":[{"@type":"WebPage","@id":"https:\/\/kodesmots.fr\/blog\/lequipe\/","url":"https:\/\/kodesmots.fr\/blog\/lequipe\/","name":"L'\u00e9quipe & \u00c9dito","isPartOf":{"@id":"https:\/\/kodesmots.fr\/blog\/#website"},"datePublished":"2023-10-11T10:08:25+00:00","dateModified":"2026-03-30T09:38:05+00:00","description":"Kodesmots est votre espace de d\u00e9couverte linguistique \u2014 \u00e9tymologie des mots fran\u00e7ais, punchlines c\u00e9l\u00e8bres, rh\u00e9torique et techniques de communication,","inLanguage":"fr-FR","potentialAction":[{"@type":"ReadAction","target":["https:\/\/kodesmots.fr\/blog\/lequipe\/"]}]},{"@type":"WebSite","@id":"https:\/\/kodesmots.fr\/blog\/#website","url":"https:\/\/kodesmots.fr\/blog\/","name":"kodesmots.fr","description":"Kodesmots, d\u00e9codez le pouvoir des mots","publisher":{"@id":"https:\/\/kodesmots.fr\/blog\/#organization"},"alternateName":"Kodesmots, d\u00e9codez le pouvoir des mots","potentialAction":[{"@type":"SearchAction","target":{"@type":"EntryPoint","urlTemplate":"https:\/\/kodesmots.fr\/blog\/?s={search_term_string}"},"query-input":{"@type":"PropertyValueSpecification","valueRequired":true,"valueName":"search_term_string"}}],"inLanguage":"fr-FR"},{"@type":"Organization","@id":"https:\/\/kodesmots.fr\/blog\/#organization","name":"Foretsensations.fr","url":"https:\/\/kodesmots.fr\/blog\/","logo":{"@type":"ImageObject","inLanguage":"fr-FR","@id":"https:\/\/kodesmots.fr\/blog\/#\/schema\/logo\/image\/","url":"https:\/\/kodesmots.fr\/blog\/wp-content\/uploads\/2024\/12\/koDesMots.png","contentUrl":"https:\/\/kodesmots.fr\/blog\/wp-content\/uploads\/2024\/12\/koDesMots.png","width":500,"height":500,"caption":"Foretsensations.fr"},"image":{"@id":"https:\/\/kodesmots.fr\/blog\/#\/schema\/logo\/image\/"}}]}},"_links":{"self":[{"href":"https:\/\/kodesmots.fr\/blog\/wp-json\/wp\/v2\/pages\/69","targetHints":{"allow":["GET"]}}],"collection":[{"href":"https:\/\/kodesmots.fr\/blog\/wp-json\/wp\/v2\/pages"}],"about":[{"href":"https:\/\/kodesmots.fr\/blog\/wp-json\/wp\/v2\/types\/page"}],"author":[{"embeddable":true,"href":"https:\/\/kodesmots.fr\/blog\/wp-json\/wp\/v2\/users\/34"}],"replies":[{"embeddable":true,"href":"https:\/\/kodesmots.fr\/blog\/wp-json\/wp\/v2\/comments?post=69"}],"version-history":[{"count":35,"href":"https:\/\/kodesmots.fr\/blog\/wp-json\/wp\/v2\/pages\/69\/revisions"}],"predecessor-version":[{"id":1050,"href":"https:\/\/kodesmots.fr\/blog\/wp-json\/wp\/v2\/pages\/69\/revisions\/1050"}],"wp:attachment":[{"href":"https:\/\/kodesmots.fr\/blog\/wp-json\/wp\/v2\/media?parent=69"}],"curies":[{"name":"wp","href":"https:\/\/api.w.org\/{rel}","templated":true}]}}